{"id":22,"date":"2019-02-25T10:07:38","date_gmt":"2019-02-25T09:07:38","guid":{"rendered":"http:\/\/sektion1.de\/ra\/?page_id=22"},"modified":"2019-05-07T14:03:06","modified_gmt":"2019-05-07T12:03:06","slug":"kontakt","status":"publish","type":"page","link":"https:\/\/www.herbst-broecker.de\/en\/kontakt\/","title":{"rendered":"Contact"},"content":{"rendered":"<p>Herbst | Br\u00f6cker Rechtsanw\u00e4lte<br \/>\nLietzenseeufer 10<\/p>\n<p>14057 Berlin- Charlottenburg<\/p>\n<p>Telefon +49 (0)30.887 114-0<br \/>\nTelefax +49 (0)30.887 114-11<\/p>\n<p><a href=\"mailto:post@herbst-broecker.de\">post@herbst-broecker.de<\/a><br \/>\n<iframe loading=\"lazy\" src=\"https:\/\/www.google.com\/maps\/embed?pb=!1m18!1m12!1m3!1d2428.4403236458534!2d13.286691315807007!3d52.50736997981184!2m3!1f0!2f0!3f0!3m2!1i1024!2i768!4f13.1!3m3!1m2!1s0x47a850d0d291682b%3A0x38c9e58406e5021c!2sLietzenseeufer+10%2C+14057+Berlin!5e0!3m2!1sde!2sde!4v1454071921424\" style=\"border:0\" allowfullscreen=\"\" width=\"400\" height=\"300\" frameborder=\"0\"><\/iframe><\/p>","protected":false},"excerpt":{"rendered":"<p>Herbst | Br\u00f6cker Rechtsanw\u00e4lte Lietzenseeufer 10 14057 Berlin- Charlottenburg Telefon +49 (0)30.887 114-0 Telefax +49 (0)30.887 114-11 post@herbst-broecker.de<\/p>\n","protected":false},"author":1,"featured_media":0,"parent":0,"menu_order":0,"comment_status":"closed","ping_status":"closed","template":"","meta":{"_acf_changed":false,"footnotes":""},"class_list":["post-22","page","type-page","status-publish","hentry"],"acf":[],"yoast_head":"<!-- This site is optimized with the Yoast SEO plugin v27.6 - https:\/\/yoast.com\/product\/yoast-seo-wordpress\/ -->\n<title>Contact - Rechtsanw\u00e4lte Herbst Br\u00f6cker<\/title>\n<meta name=\"robots\" content=\"index, follow, max-snippet:-1, max-image-preview:large, max-video-preview:-1\" \/>\n<link rel=\"canonical\" href=\"https:\/\/www.herbst-broecker.de\/en\/kontakt\/\" \/>\n<meta property=\"og:locale\" content=\"en_US\" \/>\n<meta property=\"og:type\" content=\"article\" \/>\n<meta property=\"og:title\" content=\"Contact - Rechtsanw\u00e4lte Herbst Br\u00f6cker\" \/>\n<meta property=\"og:description\" content=\"Herbst | Br\u00f6cker Rechtsanw\u00e4lte Lietzenseeufer 10 14057 Berlin- Charlottenburg Telefon +49 (0)30.887 114-0 Telefax +49 (0)30.887 114-11 post@herbst-broecker.de\" \/>\n<meta property=\"og:url\" content=\"https:\/\/www.herbst-broecker.de\/en\/kontakt\/\" \/>\n<meta property=\"og:site_name\" content=\"Rechtsanw\u00e4lte Herbst Br\u00f6cker\" \/>\n<meta property=\"article:modified_time\" content=\"2019-05-07T12:03:06+00:00\" \/>\n<meta name=\"twitter:card\" content=\"summary_large_image\" \/>\n<script type=\"application\/ld+json\" class=\"yoast-schema-graph\">{\"@context\":\"https:\\\/\\\/schema.org\",\"@graph\":[{\"@type\":\"WebPage\",\"@id\":\"https:\\\/\\\/www.herbst-broecker.de\\\/en\\\/kontakt\\\/\",\"url\":\"https:\\\/\\\/www.herbst-broecker.de\\\/en\\\/kontakt\\\/\",\"name\":\"Contact - Rechtsanw\u00e4lte Herbst Br\u00f6cker\",\"isPartOf\":{\"@id\":\"https:\\\/\\\/www.herbst-broecker.de\\\/en\\\/#website\"},\"datePublished\":\"2019-02-25T09:07:38+00:00\",\"dateModified\":\"2019-05-07T12:03:06+00:00\",\"breadcrumb\":{\"@id\":\"https:\\\/\\\/www.herbst-broecker.de\\\/en\\\/kontakt\\\/#breadcrumb\"},\"inLanguage\":\"en-US\",\"potentialAction\":[{\"@type\":\"ReadAction\",\"target\":[[\"https:\\\/\\\/www.herbst-broecker.de\\\/en\\\/kontakt\\\/\"]]}]},{\"@type\":\"BreadcrumbList\",\"@id\":\"https:\\\/\\\/www.herbst-broecker.de\\\/en\\\/kontakt\\\/#breadcrumb\",\"itemListElement\":[{\"@type\":\"ListItem\",\"position\":1,\"name\":\"Startseite\",\"item\":\"https:\\\/\\\/www.herbst-broecker.de\\\/en\\\/\"},{\"@type\":\"ListItem\",\"position\":2,\"name\":\"Kontakt\"}]},{\"@type\":\"WebSite\",\"@id\":\"https:\\\/\\\/www.herbst-broecker.de\\\/en\\\/#website\",\"url\":\"https:\\\/\\\/www.herbst-broecker.de\\\/en\\\/\",\"name\":\"Rechtsanw\u00e4lte Herbst Br\u00f6cker\",\"description\":\"\",\"publisher\":{\"@id\":\"https:\\\/\\\/www.herbst-broecker.de\\\/en\\\/#organization\"},\"potentialAction\":[{\"@type\":\"SearchAction\",\"target\":{\"@type\":\"EntryPoint\",\"urlTemplate\":\"https:\\\/\\\/www.herbst-broecker.de\\\/en\\\/?s={search_term_string}\"},\"query-input\":{\"@type\":\"PropertyValueSpecification\",\"valueRequired\":true,\"valueName\":\"search_term_string\"}}],\"inLanguage\":\"en-US\"},{\"@type\":\"Organization\",\"@id\":\"https:\\\/\\\/www.herbst-broecker.de\\\/en\\\/#organization\",\"name\":\"Rechtsanw\u00e4lte Herbst Br\u00f6cker\",\"url\":\"https:\\\/\\\/www.herbst-broecker.de\\\/en\\\/\",\"logo\":{\"@type\":\"ImageObject\",\"inLanguage\":\"en-US\",\"@id\":\"https:\\\/\\\/www.herbst-broecker.de\\\/en\\\/#\\\/schema\\\/logo\\\/image\\\/\",\"url\":\"https:\\\/\\\/www.herbst-broecker.de\\\/wp-content\\\/uploads\\\/2023\\\/12\\\/Bildschirmfoto-2023-12-20-um-16.50.40.png\",\"contentUrl\":\"https:\\\/\\\/www.herbst-broecker.de\\\/wp-content\\\/uploads\\\/2023\\\/12\\\/Bildschirmfoto-2023-12-20-um-16.50.40.png\",\"width\":562,\"height\":178,\"caption\":\"Rechtsanw\u00e4lte Herbst Br\u00f6cker\"},\"image\":{\"@id\":\"https:\\\/\\\/www.herbst-broecker.de\\\/en\\\/#\\\/schema\\\/logo\\\/image\\\/\"}}]}<\/script>\n<!-- \/ Yoast SEO plugin. -->","yoast_head_json":{"title":"Contact - Rechtsanw\u00e4lte Herbst Br\u00f6cker","robots":{"index":"index","follow":"follow","max-snippet":"max-snippet:-1","max-image-preview":"max-image-preview:large","max-video-preview":"max-video-preview:-1"},"canonical":"https:\/\/www.herbst-broecker.de\/en\/kontakt\/","og_locale":"en_US","og_type":"article","og_title":"Contact - Rechtsanw\u00e4lte Herbst Br\u00f6cker","og_description":"Herbst | Br\u00f6cker Rechtsanw\u00e4lte Lietzenseeufer 10 14057 Berlin- Charlottenburg Telefon +49 (0)30.887 114-0 Telefax +49 (0)30.887 114-11 post@herbst-broecker.de","og_url":"https:\/\/www.herbst-broecker.de\/en\/kontakt\/","og_site_name":"Rechtsanw\u00e4lte Herbst Br\u00f6cker","article_modified_time":"2019-05-07T12:03:06+00:00","twitter_card":"summary_large_image","schema":{"@context":"https:\/\/schema.org","@graph":[{"@type":"WebPage","@id":"https:\/\/www.herbst-broecker.de\/en\/kontakt\/","url":"https:\/\/www.herbst-broecker.de\/en\/kontakt\/","name":"Contact - Rechtsanw\u00e4lte Herbst Br\u00f6cker","isPartOf":{"@id":"https:\/\/www.herbst-broecker.de\/en\/#website"},"datePublished":"2019-02-25T09:07:38+00:00","dateModified":"2019-05-07T12:03:06+00:00","breadcrumb":{"@id":"https:\/\/www.herbst-broecker.de\/en\/kontakt\/#breadcrumb"},"inLanguage":"en-US","potentialAction":[{"@type":"ReadAction","target":[["https:\/\/www.herbst-broecker.de\/en\/kontakt\/"]]}]},{"@type":"BreadcrumbList","@id":"https:\/\/www.herbst-broecker.de\/en\/kontakt\/#breadcrumb","itemListElement":[{"@type":"ListItem","position":1,"name":"Startseite","item":"https:\/\/www.herbst-broecker.de\/en\/"},{"@type":"ListItem","position":2,"name":"Kontakt"}]},{"@type":"WebSite","@id":"https:\/\/www.herbst-broecker.de\/en\/#website","url":"https:\/\/www.herbst-broecker.de\/en\/","name":"Rechtsanw\u00e4lte Herbst Br\u00f6cker","description":"","publisher":{"@id":"https:\/\/www.herbst-broecker.de\/en\/#organization"},"potentialAction":[{"@type":"SearchAction","target":{"@type":"EntryPoint","urlTemplate":"https:\/\/www.herbst-broecker.de\/en\/?s={search_term_string}"},"query-input":{"@type":"PropertyValueSpecification","valueRequired":true,"valueName":"search_term_string"}}],"inLanguage":"en-US"},{"@type":"Organization","@id":"https:\/\/www.herbst-broecker.de\/en\/#organization","name":"Rechtsanw\u00e4lte Herbst Br\u00f6cker","url":"https:\/\/www.herbst-broecker.de\/en\/","logo":{"@type":"ImageObject","inLanguage":"en-US","@id":"https:\/\/www.herbst-broecker.de\/en\/#\/schema\/logo\/image\/","url":"https:\/\/www.herbst-broecker.de\/wp-content\/uploads\/2023\/12\/Bildschirmfoto-2023-12-20-um-16.50.40.png","contentUrl":"https:\/\/www.herbst-broecker.de\/wp-content\/uploads\/2023\/12\/Bildschirmfoto-2023-12-20-um-16.50.40.png","width":562,"height":178,"caption":"Rechtsanw\u00e4lte Herbst Br\u00f6cker"},"image":{"@id":"https:\/\/www.herbst-broecker.de\/en\/#\/schema\/logo\/image\/"}}]}},"_links":{"self":[{"href":"https:\/\/www.herbst-broecker.de\/en\/wp-json\/wp\/v2\/pages\/22","targetHints":{"allow":["GET"]}}],"collection":[{"href":"https:\/\/www.herbst-broecker.de\/en\/wp-json\/wp\/v2\/pages"}],"about":[{"href":"https:\/\/www.herbst-broecker.de\/en\/wp-json\/wp\/v2\/types\/page"}],"author":[{"embeddable":true,"href":"https:\/\/www.herbst-broecker.de\/en\/wp-json\/wp\/v2\/users\/1"}],"replies":[{"embeddable":true,"href":"https:\/\/www.herbst-broecker.de\/en\/wp-json\/wp\/v2\/comments?post=22"}],"version-history":[{"count":6,"href":"https:\/\/www.herbst-broecker.de\/en\/wp-json\/wp\/v2\/pages\/22\/revisions"}],"predecessor-version":[{"id":317,"href":"https:\/\/www.herbst-broecker.de\/en\/wp-json\/wp\/v2\/pages\/22\/revisions\/317"}],"wp:attachment":[{"href":"https:\/\/www.herbst-broecker.de\/en\/wp-json\/wp\/v2\/media?parent=22"}],"curies":[{"name":"wp","href":"https:\/\/api.w.org\/{rel}","templated":true}]}}