{"id":125,"date":"2019-02-28T09:23:13","date_gmt":"2019-02-28T08:23:13","guid":{"rendered":"http:\/\/sektion1.de\/ra\/?page_id=125"},"modified":"2019-03-25T09:28:16","modified_gmt":"2019-03-25T08:28:16","slug":"datenschutz","status":"publish","type":"page","link":"https:\/\/www.herbst-broecker.de\/en\/datenschutz\/","title":{"rendered":"Datenschutz"},"content":{"rendered":"<p><strong>Datenschutzerkl\u00e4rung <\/strong><br \/>\nWir nehmen den Schutz personenbezogener Daten sehr ernst. Im Folgenden m\u00f6chten wir Sie dar\u00fcber in Kenntnis setzen, f\u00fcr welchen Zweck wir personenbezogene Daten (z.B. Name, Anschrift, E-Mail-Adresse, Telefonnummer, Bankverbindung) von Ihnen sammeln, wie wir damit umgehen und wem wir sie gegebenenfalls zur Verf\u00fcgung stellen.<\/p>\n<p><strong>I. Verantwortliche Stelle und Datenschutzbeauftragter<\/strong><\/p>\n<p>Diese Datenschutz-Information gilt f\u00fcr die Datenverarbeitung durch:<br \/>\nVerantwortlicher:<\/p>\n<p>Herbst | Br\u00f6cker Rechtsanw\u00e4lte GbR<br \/>\nLietzenseeufer 10<br \/>\n14057 Berlin<br \/>\nGesellschafter und Vertreter:<br \/>\nDr. Christian Herbst, Klaus Tim Br\u00f6cker, Martin Dietrich, Anke Bauermeister<br \/>\nTel.: \u00a0\u00a0\u00a0 \u00a0\u00a0 (+49) 0 30 887 114 0<br \/>\nFax: \u00a0\u00a0\u00a0 \u00a0\u00a0 (+49) 0 30 887 114 11<br \/>\nE-Mail: \u00a0\u00a0\u00a0 <a>datenschutz@herbst-broecker.de<\/a><br \/>\nWebsite:\u00a0 <a title=\"www.herbst-broecker.de\" href=\"http:\/\/www.herbst-broecker.de\/\">www.herbst-broecker.de<\/a>Unsere betriebliche Datenschutzbeauftragte ist unter vorgenannter Adresse oder unter <a>post@herbst-broecker.de<\/a>erreichbar.<\/p>\n<p><strong>II. Erhebung und Speicherung personenbezogener Daten <\/strong><\/p>\n<p><strong>1. Bei Aufruf unserer Internetseite <\/strong><\/p>\n<p>Beim Aufrufen unserer Website <a title=\"www.herbst-broecker.de\" href=\"http:\/\/www.herbst-broecker.de\/\">www.herbst-broecker.de<\/a>werden durch den auf Ihrem Endger\u00e4t zum Einsatz kommenden Browser automatisch Informationen an den Server unserer Website gesendet. Diese Informationen werden tempor\u00e4r in einem sog. Logfile gespeichert. Folgende Informationen werden dabei ohne Ihr Zutun erfasst und bis zur automatisierten L\u00f6schung nach drei Monaten gespeichert:<\/p>\n<p>\u00b7\u00a0\u00a0\u00a0\u00a0IP-Adresse des anfragenden Rechners,<br \/>\n\u00b7\u00a0\u00a0\u00a0\u00a0Datum und Uhrzeit des Zugriffs,<br \/>\n\u00b7\u00a0\u00a0\u00a0\u00a0Name und URL der abgerufenen Datei,<br \/>\n\u00b7\u00a0\u00a0\u00a0\u00a0Website, von der aus der Zugriff erfolgt (Referrer-URL),<br \/>\n\u00b7\u00a0\u00a0\u00a0\u00a0Verwendeter Browser und ggf. das Betriebssystem Ihres Rechners sowie<br \/>\nder Name Ihres Access-Providers.<\/p>\n<p>Die genannten Daten werden durch uns zu folgenden Zwecken verarbeitet:<\/p>\n<p>\u00b7\u00a0\u00a0\u00a0 Gew\u00e4hrleistung eines reibungslosen Verbindungsaufbaus der Website,<br \/>\n\u00b7\u00a0\u00a0\u00a0 Gew\u00e4hrleistung einer komfortablen Nutzung unserer Website,<br \/>\n\u00b7\u00a0\u00a0\u00a0 Auswertung der Systemsicherheit und -stabilit\u00e4t sowie<br \/>\n\u00b7\u00a0\u00a0\u00a0 zu weiteren administrativen Zwecken.<\/p>\n<p>Die Rechtsgrundlage f\u00fcr die Datenverarbeitung ist Art. 6 Abs. 1 S. 1 lit. f DSGVO. Unser berechtigtes Interesse folgt aus oben aufgelisteten Zwecken zur Datenerhebung. In keinem Fall verwenden wir die erhobenen Daten zu dem Zweck, R\u00fcckschl\u00fcsse auf Ihre Person zu ziehen.<\/p>\n<p><strong>2. Cookies<\/strong><\/p>\n<p>Die Nutzung unserer Website soll f\u00fcr den Besucher angenehm und sinnvoll sein. Hierzu erfassen wir das Nutzerverhalten, um unsere Website laufend zu verbessern. Diese Datenerhebung erfolgt \u00fcber Cookies, also kleine Text-Dateien, die mittels Ihres Browsers an Ihren Computer \u00fcbermittelt und dort gespeichert werden. Cookies rufen keine auf Ihrer Festplatte gespeicherten Informationen ab und beeintr\u00e4chtigen nicht Ihren PC oder Ihre Dateien. Die meisten der von uns verwendeten Cookies sind so genannte \u201eSession-Cookies\u201c. Sie werden nach Ende Ihres Besuchs automatisch gel\u00f6scht. Andere Cookies bleiben auf Ihrem Endger\u00e4t gespeichert, bis Sie diese l\u00f6schen. Diese Cookies erm\u00f6glichen es uns, Ihren Browser beim n\u00e4chsten Besuch wiederzuerkennen.<\/p>\n<p>Beim Newsletter-Versand verwenden wir zur Sammlung von Informationen Web Beacons (kleine Grafik-Dateien), um diese statistisch auszuwerten.<\/p>\n<p>Die durch Cookies verarbeiteten Daten sind f\u00fcr die genannten Zwecke zur Wahrung unserer berechtigten Interessen sowie der Dritter nach Art. 6 Abs. 1 S. 1 lit. f DSGVO erforderlich. Die meisten Browser akzeptieren Cookies automatisch. Sie k\u00f6nnen Ihren Browser jedoch so konfigurieren, dass keine Cookies auf Ihrem Computer gespeichert werden oder stets ein Hinweis erscheint, bevor ein neuer Cookie angelegt wird. Die vollst\u00e4ndige Deaktivierung von Cookies kann jedoch dazu f\u00fchren, dass Sie nicht alle Funktionen unserer Website nutzen k\u00f6nnen.<br \/>\n<strong><br \/>\n3. Google Analytics<\/strong><\/p>\n<p>Diese Website nutzt Google Analytics, einen Webanalysedienst der Google Inc. (1600 Amphitheatre Parkway, Mountain View, CA 94043, USA). Google Analytics verwendet Cookies. Die durch den Cookie erzeugten Informationen \u00fcber Ihre Benutzung dieser Website werden in der Regel an einen Server von Google in den USA \u00fcbertragen und dort gespeichert. Im Falle der Aktivierung der IP-Anonymisierung auf dieser Website wird Ihre IP-Adresse von Google innerhalb von Mitgliedstaaten der Europ\u00e4ischen Union oder in anderen Vertragsstaaten des Abkommens \u00fcber den Europ\u00e4ischen Wirtschaftsraum zuvor gek\u00fcrzt. Nur in Ausnahmef\u00e4llen wird die volle IP-Adresse an einen Server von Google in den USA \u00fcbertragen und dort gek\u00fcrzt. Wir haben diese IP-Anonymisierung f\u00fcr Sie vorgenommen, sie ist somit auf unserer Website aktiv. Im Auftrag des Betreibers dieser Website wird Google diese Informationen benutzen, um Ihre Nutzung der Website auszuwerten, um Reports \u00fcber die Websiteaktivit\u00e4ten zusammenzustellen und um weitere mit der Websitenutzung und der Internetnutzung verbundene Dienstleistungen gegen\u00fcber dem Websitebetreiber zu erbringen.<\/p>\n<p>Die im Rahmen von Google Analytics von Ihrem Browser \u00fcbermittelte IP-Adresse wird nicht mit anderen Daten von Google zusammengef\u00fchrt. Sie k\u00f6nnen die Speicherung der Cookies durch eine entsprechende Einstellung Ihrer Browser-Software verhindern. Wir weisen Sie jedoch darauf hin, dass Sie in diesem Fall gegebenenfalls nicht s\u00e4mtliche Funktionen dieser Website vollumf\u00e4nglich werden nutzen k\u00f6nnen. Durch die Nutzung dieser Website erkl\u00e4ren Sie sich mit der Bearbeitung der \u00fcber Sie erhobenen Daten durch Google in der zuvor beschriebenen Art und Weise und zu dem zuvor benannten Zweck einverstanden.<\/p>\n<p>Sie k\u00f6nnen dar\u00fcber hinaus die Erfassung der durch das Cookie erzeugten und auf Ihre Nutzung der Website bezogenen Daten (inkl. Ihrer IP-Adresse) sowie die Verarbeitung dieser Daten durch Google verhindern, indem Sie das unter dem folgenden Link verf\u00fcgbare Browser-Plugin herunterladen und installieren: &lt;https:\/\/tools.google.com\/dlpage\/gaoptout?hl=de&gt;. Zudem k\u00f6nnen Sie die Erfassung durch Google Analytics verhindern, indem Sie auf den folgenden Link klicken. Es wird ein Opt-Out-Cookie gesetzt, das die zuk\u00fcnftige Erfassung Ihrer Daten beim Besuch dieser Website verhindert:<br \/>\n<a title=\"https:\/\/tools.google.com\/dlpage\/gaoptout\" href=\"https:\/\/tools.google.com\/dlpage\/gaoptout\">https:\/\/tools.google.com\/dlpage\/gaoptout<\/a><br \/>\n<strong><br \/>\n4. Einsatz von Google-Maps<\/strong><\/p>\n<p>Wir setzen auf unserer Website den Kartendienst \u201eGoogle Maps\u201c der Firma Google Inc., 1600 Amphitheatre Parkway, Mountain View, CA 94043 USA, nachfolgend \u201eGoogle\u201c, ein.<\/p>\n<p>Bei jedem einzelnen Aufruf von \u201eGoogle Maps\u201c wird von Google ein Cookie gesetzt, um bei der Anzeige der Seite, auf der \u201eGoogle Maps\u201c integriert ist, Nutzereinstellungen und -daten zu verarbeiten. Dieses Cookie wird im Regelfall nicht durch das Schlie\u00dfen des Browsers gel\u00f6scht, sondern l\u00e4uft nach einer bestimmten Zeit ab, soweit es nicht von Ihnen zuvor manuell gel\u00f6scht wird.<\/p>\n<p>Wenn Sie mit dieser Verarbeitung Ihrer Daten nicht einverstanden sind, so besteht die M\u00f6glichkeit, den Service von \u201eGoogle Maps\u201c zu deaktivieren und auf diesem Weg die \u00dcbertragung von Daten an Google zu verhindern. Dazu m\u00fcssen Sie die Java-Script-Funktion in Ihrem Browser deaktivieren. Wir weisen Sie jedoch darauf hin, dass Sie in diesem Fall \u201eGoogle Maps\u201c nicht oder nur eingeschr\u00e4nkt nutzen k\u00f6nnen.<\/p>\n<p>Die Nutzung von \u201eGoogle Maps\u201c und der \u00fcber \u201eGoogle Maps\u201c erlangten Informationen erfolgt gem\u00e4\u00df den Google-Nutzungsbedingungen<br \/>\n<a title=\"https:\/\/www.google.de\/intl\/de\/policies\/terms\/regional.html\" href=\"https:\/\/www.google.de\/intl\/de\/policies\/terms\/regional.html\">https:\/\/www.google.de\/intl\/de\/policies\/terms\/regional.html<\/a><\/p>\n<p>sowie der zus\u00e4tzlichen Gesch\u00e4ftsbedingungen f\u00fcr \u201eGoogle Maps\u201c<br \/>\n<a title=\"https:\/\/www.google.com\/intl\/de_de\/help\/terms_maps.html\" href=\"https:\/\/www.google.com\/intl\/de_de\/help\/terms_maps.html\">https:\/\/www.google.com\/intl\/de_de\/help\/terms_maps.html<\/a><\/p>\n<p><strong><br \/>\nIII. Vertragsbeziehung <\/strong><\/p>\n<p>Wir weisen darauf hin, dass wir Ihre personenbezogenen Daten, die wir zum Zwecke der Vertragsanbahnung- und -abwicklung ben\u00f6tigen und von Ihnen zu diesem Zweck erhalten haben (Art. 6 Abs. 1 S. 1 lit. b DSGVO), im Rahmen der gesetzlichen Vorgaben erheben und speichern. Zu den von uns verarbeiteten Daten geh\u00f6ren die Stammdaten (z.B., Namen und Adressen), Kontaktdaten (z.B. E-Mail-Adressen und Telefonnummern) sowie Vertragsdaten (z.B., in Anspruch genommene Leistungen, Vertragsinhalte, vertragliche Kommunikation, Namen von Kontaktpersonen) und Zahlungsdaten (Bankverbindungen, Zahlungshistorie).<\/p>\n<p>Diese Daten werden wir l\u00f6schen, wenn die Daten zur Erf\u00fcllung vertraglicher oder gesetzlicher Pflichten (insbesondere Gew\u00e4hrleistungspflichten) nicht mehr erforderlich sind; im \u00dcbrigen gelten die gesetzlichen Aufbewahrungspflichten (siehe hierzu N\u00e4heres unter Ziffer IX.).<\/p>\n<p><strong><br \/>\nIV. Datensicherheit<\/strong><\/p>\n<p>Wir treffen nach Ma\u00dfgabe des Art. 32 DSGVO unter Ber\u00fccksichtigung des Stands der Technik, der Implementierungskosten und der Art, des Umfangs, der Umst\u00e4nde und der Zwecke der Verarbeitung sowie der unterschiedlichen Eintrittswahrscheinlichkeit und Schwere des Risikos f\u00fcr die Rechte und Freiheiten nat\u00fcrlicher Personen, geeignete technische und organisatorische Ma\u00dfnahmen, um ein dem Risiko angemessenes Schutzniveau zu gew\u00e4hrleisten.<\/p>\n<p>Zu den Ma\u00dfnahmen geh\u00f6ren insbesondere die Sicherung der Vertraulichkeit, Integrit\u00e4t und Verf\u00fcgbarkeit von Daten durch Kontrolle des physischen Zugangs zu den Daten, als auch des sie betreffenden Zugriffs, der Eingabe, Weitergabe, der Sicherung der Verf\u00fcgbarkeit und ihrer Trennung. Des Weiteren haben wir Verfahren eingerichtet, die eine Wahrnehmung von Betroffenenrechten, L\u00f6schung von Daten und Reaktion auf Gef\u00e4hrdung der Daten gew\u00e4hrleisten. Ferner ber\u00fccksichtigen wir den Schutz personenbezogener Daten bereits bei der Entwicklung, bzw. Auswahl von Hardware, Software sowie Verfahren, entsprechend dem Prinzip des Datenschutzes durch Technikgestaltung und durch datenschutzfreundliche Voreinstellungen (Art. 25 DSGVO).<\/p>\n<p><strong>V. Weitergabe der Daten an Dritte <\/strong><\/p>\n<p>Eine \u00dcbermittlung Ihrer pers\u00f6nlichen Daten an Dritte zu anderen als den im Folgenden aufgef\u00fchrten Zwecken findet nicht statt. Wir geben Ihre pers\u00f6nlichen Daten nur an Dritte weiter, wenn:<\/p>\n<p>\u00b7\u00a0\u00a0 Sie Ihre nach Art. 6 Abs. 1 S. 1 lit. a DSGVO ausdr\u00fcckliche Einwilligung<br \/>\ndazu erteilt haben,<br \/>\n\u00b7\u00a0\u00a0 die Weitergabe nach Art. 6 Abs. 1 S. 1 lit. f DSGVO zur Geltendmachung,<br \/>\nAus\u00fcbung oder Verteidigung von Rechtsanspr\u00fcchen erforderlich ist und<br \/>\nkein Grund zur Annahme besteht, dass Sie ein \u00fcberwiegendes<br \/>\nschutzw\u00fcrdiges Interesse an der Nichtweitergabe Ihrer Daten haben,<br \/>\n\u00b7\u00a0\u00a0 f\u00fcr den Fall, dass f\u00fcr die Weitergabe nach Art. 6 Abs. 1 S. 1 lit. c DSGVO<br \/>\neine gesetzliche Verpflichtung besteht, sowie<br \/>\n\u00b7\u00a0\u00a0 dies gesetzlich zul\u00e4ssig und nach Art. 6 Abs. 1 S. 1 lit. b DSGVO f\u00fcr die<br \/>\nAbwicklung von Vertragsverh\u00e4ltnissen mit Ihnen erforderlich ist.<\/p>\n<p><strong>VI. Betroffenenrechte <\/strong><\/p>\n<p>M\u00f6chten Sie von den nachfolgenden Rechten Gebrauch machen m\u00f6chten, so richten Sie Ihre Anfragen o. \u00e4. bitte schriftlich an die unter Punkt I. genannte verantwortliche Stelle oder den Datenschutzbeauftragten.<\/p>\n<p><strong>1. Auskunft und Berichtigung Ihrer Daten <\/strong><\/p>\n<p>Sie haben das Recht, von uns unentgeltlich Auskunft dar\u00fcber zu erhalten, ob und welche pers\u00f6nlichen Daten \u00fcber Sie bei uns gespeichert sind. Sollten trotz unserer Bem\u00fchungen um Datenrichtigkeit und Aktualit\u00e4t falsche Informationen gespeichert sein, werden wir diese umgehend auf Ihre Aufforderung hin berichtigen.<br \/>\n<strong><br \/>\n2. Recht auf L\u00f6schung Ihrer Daten <\/strong><\/p>\n<p>Au\u00dferdem k\u00f6nnen Sie die L\u00f6schung Ihrer bei uns gespeicherten personenbezogenen Daten verlangen, soweit nicht die Verarbeitung zur Aus\u00fcbung des Rechts auf freie Meinungs\u00e4u\u00dferung und Information, zur Erf\u00fcllung einer rechtlichen Verpflichtung, aus Gr\u00fcnden des \u00f6ffentlichen Interesses oder zur Geltendmachung, Aus\u00fcbung oder Verteidigung von Rechtsanspr\u00fcchen erforderlich ist.<br \/>\n<strong><br \/>\n3. Recht auf Einschr\u00e4nkung der Verarbeitung Ihrer Daten <\/strong><\/p>\n<p>Sie k\u00f6nnen die Einschr\u00e4nkung der Verarbeitung Ihrer personenbezogenen Daten verlangen, soweit die Richtigkeit der Daten von Ihnen bestritten wird, die Verarbeitung unrechtm\u00e4\u00dfig ist, Sie aber deren L\u00f6schung ablehnen und wir die Daten nicht mehr ben\u00f6tigen, Sie jedoch diese zur Geltendmachung, Aus\u00fcbung oder Verteidigung von Rechtsanspr\u00fcchen ben\u00f6tigen oder Sie gem\u00e4\u00df Art.21 DSGVO Widerspruch gegen die Verarbeitung eingelegt haben.<\/p>\n<p><strong>4. Recht auf Daten\u00fcbertragbarkeit <\/strong><\/p>\n<p>Sie haben auch das Recht, Ihre personenbezogenen Daten, die Sie uns bereitgestellt haben, in einem strukturierten, g\u00e4ngigen und maschinenlesebaren Format zu erhalten oder die \u00dcbermittlung an einen anderen Verantwortlichen zu verlangen.<\/p>\n<p><strong>5. Beschwerderecht <\/strong><\/p>\n<p>Sie k\u00f6nnen sich bei einer Aufsichtsbeh\u00f6rde beschweren. In der Regel k\u00f6nnen Sie sich hierf\u00fcr an die Aufsichtsbeh\u00f6rde Ihres \u00fcblichen Aufenthaltsortes oder Arbeitsplatzes oder unseres Unternehmenssitzes wenden.<\/p>\n<p><strong>VII. Widerspruchsrecht <\/strong><\/p>\n<p>Sofern Ihre personenbezogenen Daten auf Grundlage von berechtigten Interesse gem. Art. 6 Abs. 1 S. 1 lit. f DSGVO verarbeitet werden, haben Sie nach Ma\u00dfgabe von Art. 21 DSGVO das Recht, Widerspruch gegen die Verarbeitung Ihrer personenbezogenen Daten einzulegen, soweit daf\u00fcr Gr\u00fcnde vorliegen, die sich aus Ihrer besonderen Situation ergeben.<\/p>\n<p><strong>VIII. Widerrufsrecht <\/strong><\/p>\n<p>Sie haben das Recht, erteilte Einwilligungen gem. Art. 7 Abs. 3 DSGVO jederzeit mit Wirkung f\u00fcr die Zukunft zu widerrufen.<\/p>\n<p><strong>IX. L\u00f6schung von Daten<\/strong><\/p>\n<p>Die von uns verarbeiteten Daten werden nach Ma\u00dfgabe der Art. 17 und 18 DSGVO gel\u00f6scht oder in ihrer Verarbeitung eingeschr\u00e4nkt. Soweit in dieser Datenschutzerkl\u00e4rung kein konkreter L\u00f6schungszeitpunkt angegeben ist, werden die bei uns gespeicherten Daten gel\u00f6scht, sobald sie f\u00fcr ihre Zweckbestimmung nicht mehr erforderlich sind und der L\u00f6schung keine gesetzlichen Aufbewahrungspflichten entgegenstehen. Sofern die Daten nicht gel\u00f6scht werden, weil sie f\u00fcr andere gesetzlich zul\u00e4ssige Zwecke erforderlich sind, wird deren Verarbeitung eingeschr\u00e4nkt. Dies gilt insbesondere f\u00fcr Daten, die aus handels- oder steuerrechtlichen Gr\u00fcnden oder berufsrechtlichen Gr\u00fcnden aufbewahrt werden m\u00fcssen (\u00a7 147 Abgabenordnung, \u00a7 257 Handelsgesetzbuch, \u00a7 50 Bundesrechtsanwaltsordnung).<\/p>\n<p><strong>X. Aktualit\u00e4t und \u00c4nderung dieser Datenschutzerkl\u00e4rung <\/strong><\/p>\n<p>Diese Datenschutzerkl\u00e4rung ist aktuell g\u00fcltig und hat den Stand Mai 2018. Durch die Weiterentwicklung unserer Website und Angebote dar\u00fcber oder aufgrund ge\u00e4nderter gesetzlicher beziehungsweise beh\u00f6rdlicher Vorgaben kann es notwendig werden, diese Datenschutzerkl\u00e4rung zu \u00e4ndern.<\/p>\n","protected":false},"excerpt":{"rendered":"<p>Datenschutzerkl\u00e4rung Wir nehmen den Schutz personenbezogener Daten sehr ernst. Im Folgenden m\u00f6chten wir Sie dar\u00fcber in Kenntnis setzen, f\u00fcr welchen Zweck wir personenbezogene Daten (z.B. Name, Anschrift, E-Mail-Adresse, Telefonnummer, Bankverbindung) von Ihnen sammeln, wie wir damit umgehen und wem wir sie gegebenenfalls zur Verf\u00fcgung stellen. I. Verantwortliche Stelle und Datenschutzbeauftragter Diese Datenschutz-Information gilt f\u00fcr die Datenverarbeitung durch: Verantwortlicher: Herbst | Br\u00f6cker Rechtsanw\u00e4lte GbR Lietzenseeufer 10 14057 Berlin Gesellschafter und Vertreter: Dr. Christian Herbst, Klaus Tim Br\u00f6cker, Martin Dietrich, Anke Bauermeister&hellip;<\/p>\n","protected":false},"author":1,"featured_media":0,"parent":0,"menu_order":0,"comment_status":"closed","ping_status":"closed","template":"","meta":{"_acf_changed":false,"footnotes":""},"class_list":["post-125","page","type-page","status-publish","hentry"],"acf":[],"yoast_head":"<!-- This site is optimized with the Yoast SEO plugin v27.5 - https:\/\/yoast.com\/product\/yoast-seo-wordpress\/ -->\n<title>Datenschutz - Rechtsanw\u00e4lte Herbst Br\u00f6cker<\/title>\n<meta name=\"robots\" content=\"index, follow, max-snippet:-1, max-image-preview:large, max-video-preview:-1\" \/>\n<link rel=\"canonical\" href=\"https:\/\/www.herbst-broecker.de\/en\/datenschutz\/\" \/>\n<meta property=\"og:locale\" content=\"en_US\" \/>\n<meta property=\"og:type\" content=\"article\" \/>\n<meta property=\"og:title\" content=\"Datenschutz - Rechtsanw\u00e4lte Herbst Br\u00f6cker\" \/>\n<meta property=\"og:description\" content=\"Datenschutzerkl\u00e4rung Wir nehmen den Schutz personenbezogener Daten sehr ernst. Im Folgenden m\u00f6chten wir Sie dar\u00fcber in Kenntnis setzen, f\u00fcr welchen Zweck wir personenbezogene Daten (z.B. Name, Anschrift, E-Mail-Adresse, Telefonnummer, Bankverbindung) von Ihnen sammeln, wie wir damit umgehen und wem wir sie gegebenenfalls zur Verf\u00fcgung stellen. I. Verantwortliche Stelle und Datenschutzbeauftragter Diese Datenschutz-Information gilt f\u00fcr die Datenverarbeitung durch: Verantwortlicher: Herbst | Br\u00f6cker Rechtsanw\u00e4lte GbR Lietzenseeufer 10 14057 Berlin Gesellschafter und Vertreter: Dr. Christian Herbst, Klaus Tim Br\u00f6cker, Martin Dietrich, Anke Bauermeister&hellip;\" \/>\n<meta property=\"og:url\" content=\"https:\/\/www.herbst-broecker.de\/en\/datenschutz\/\" \/>\n<meta property=\"og:site_name\" content=\"Rechtsanw\u00e4lte Herbst Br\u00f6cker\" \/>\n<meta property=\"article:modified_time\" content=\"2019-03-25T08:28:16+00:00\" \/>\n<meta name=\"twitter:card\" content=\"summary_large_image\" \/>\n<meta name=\"twitter:label1\" content=\"Est. reading time\" \/>\n\t<meta name=\"twitter:data1\" content=\"10 minutes\" \/>\n<script type=\"application\/ld+json\" class=\"yoast-schema-graph\">{\"@context\":\"https:\\\/\\\/schema.org\",\"@graph\":[{\"@type\":\"WebPage\",\"@id\":\"https:\\\/\\\/www.herbst-broecker.de\\\/en\\\/datenschutz\\\/\",\"url\":\"https:\\\/\\\/www.herbst-broecker.de\\\/en\\\/datenschutz\\\/\",\"name\":\"Datenschutz - Rechtsanw\u00e4lte Herbst Br\u00f6cker\",\"isPartOf\":{\"@id\":\"https:\\\/\\\/www.herbst-broecker.de\\\/en\\\/#website\"},\"datePublished\":\"2019-02-28T08:23:13+00:00\",\"dateModified\":\"2019-03-25T08:28:16+00:00\",\"breadcrumb\":{\"@id\":\"https:\\\/\\\/www.herbst-broecker.de\\\/en\\\/datenschutz\\\/#breadcrumb\"},\"inLanguage\":\"en-US\",\"potentialAction\":[{\"@type\":\"ReadAction\",\"target\":[[\"https:\\\/\\\/www.herbst-broecker.de\\\/en\\\/datenschutz\\\/\"]]}]},{\"@type\":\"BreadcrumbList\",\"@id\":\"https:\\\/\\\/www.herbst-broecker.de\\\/en\\\/datenschutz\\\/#breadcrumb\",\"itemListElement\":[{\"@type\":\"ListItem\",\"position\":1,\"name\":\"Startseite\",\"item\":\"https:\\\/\\\/www.herbst-broecker.de\\\/en\\\/\"},{\"@type\":\"ListItem\",\"position\":2,\"name\":\"Datenschutz\"}]},{\"@type\":\"WebSite\",\"@id\":\"https:\\\/\\\/www.herbst-broecker.de\\\/en\\\/#website\",\"url\":\"https:\\\/\\\/www.herbst-broecker.de\\\/en\\\/\",\"name\":\"Rechtsanw\u00e4lte Herbst Br\u00f6cker\",\"description\":\"\",\"publisher\":{\"@id\":\"https:\\\/\\\/www.herbst-broecker.de\\\/en\\\/#organization\"},\"potentialAction\":[{\"@type\":\"SearchAction\",\"target\":{\"@type\":\"EntryPoint\",\"urlTemplate\":\"https:\\\/\\\/www.herbst-broecker.de\\\/en\\\/?s={search_term_string}\"},\"query-input\":{\"@type\":\"PropertyValueSpecification\",\"valueRequired\":true,\"valueName\":\"search_term_string\"}}],\"inLanguage\":\"en-US\"},{\"@type\":\"Organization\",\"@id\":\"https:\\\/\\\/www.herbst-broecker.de\\\/en\\\/#organization\",\"name\":\"Rechtsanw\u00e4lte Herbst Br\u00f6cker\",\"url\":\"https:\\\/\\\/www.herbst-broecker.de\\\/en\\\/\",\"logo\":{\"@type\":\"ImageObject\",\"inLanguage\":\"en-US\",\"@id\":\"https:\\\/\\\/www.herbst-broecker.de\\\/en\\\/#\\\/schema\\\/logo\\\/image\\\/\",\"url\":\"https:\\\/\\\/www.herbst-broecker.de\\\/wp-content\\\/uploads\\\/2023\\\/12\\\/Bildschirmfoto-2023-12-20-um-16.50.40.png\",\"contentUrl\":\"https:\\\/\\\/www.herbst-broecker.de\\\/wp-content\\\/uploads\\\/2023\\\/12\\\/Bildschirmfoto-2023-12-20-um-16.50.40.png\",\"width\":562,\"height\":178,\"caption\":\"Rechtsanw\u00e4lte Herbst Br\u00f6cker\"},\"image\":{\"@id\":\"https:\\\/\\\/www.herbst-broecker.de\\\/en\\\/#\\\/schema\\\/logo\\\/image\\\/\"}}]}<\/script>\n<!-- \/ Yoast SEO plugin. -->","yoast_head_json":{"title":"Datenschutz - Rechtsanw\u00e4lte Herbst Br\u00f6cker","robots":{"index":"index","follow":"follow","max-snippet":"max-snippet:-1","max-image-preview":"max-image-preview:large","max-video-preview":"max-video-preview:-1"},"canonical":"https:\/\/www.herbst-broecker.de\/en\/datenschutz\/","og_locale":"en_US","og_type":"article","og_title":"Datenschutz - Rechtsanw\u00e4lte Herbst Br\u00f6cker","og_description":"Datenschutzerkl\u00e4rung Wir nehmen den Schutz personenbezogener Daten sehr ernst. Im Folgenden m\u00f6chten wir Sie dar\u00fcber in Kenntnis setzen, f\u00fcr welchen Zweck wir personenbezogene Daten (z.B. Name, Anschrift, E-Mail-Adresse, Telefonnummer, Bankverbindung) von Ihnen sammeln, wie wir damit umgehen und wem wir sie gegebenenfalls zur Verf\u00fcgung stellen. I. Verantwortliche Stelle und Datenschutzbeauftragter Diese Datenschutz-Information gilt f\u00fcr die Datenverarbeitung durch: Verantwortlicher: Herbst | Br\u00f6cker Rechtsanw\u00e4lte GbR Lietzenseeufer 10 14057 Berlin Gesellschafter und Vertreter: Dr. Christian Herbst, Klaus Tim Br\u00f6cker, Martin Dietrich, Anke Bauermeister&hellip;","og_url":"https:\/\/www.herbst-broecker.de\/en\/datenschutz\/","og_site_name":"Rechtsanw\u00e4lte Herbst Br\u00f6cker","article_modified_time":"2019-03-25T08:28:16+00:00","twitter_card":"summary_large_image","twitter_misc":{"Est. reading time":"10 minutes"},"schema":{"@context":"https:\/\/schema.org","@graph":[{"@type":"WebPage","@id":"https:\/\/www.herbst-broecker.de\/en\/datenschutz\/","url":"https:\/\/www.herbst-broecker.de\/en\/datenschutz\/","name":"Datenschutz - Rechtsanw\u00e4lte Herbst Br\u00f6cker","isPartOf":{"@id":"https:\/\/www.herbst-broecker.de\/en\/#website"},"datePublished":"2019-02-28T08:23:13+00:00","dateModified":"2019-03-25T08:28:16+00:00","breadcrumb":{"@id":"https:\/\/www.herbst-broecker.de\/en\/datenschutz\/#breadcrumb"},"inLanguage":"en-US","potentialAction":[{"@type":"ReadAction","target":[["https:\/\/www.herbst-broecker.de\/en\/datenschutz\/"]]}]},{"@type":"BreadcrumbList","@id":"https:\/\/www.herbst-broecker.de\/en\/datenschutz\/#breadcrumb","itemListElement":[{"@type":"ListItem","position":1,"name":"Startseite","item":"https:\/\/www.herbst-broecker.de\/en\/"},{"@type":"ListItem","position":2,"name":"Datenschutz"}]},{"@type":"WebSite","@id":"https:\/\/www.herbst-broecker.de\/en\/#website","url":"https:\/\/www.herbst-broecker.de\/en\/","name":"Rechtsanw\u00e4lte Herbst Br\u00f6cker","description":"","publisher":{"@id":"https:\/\/www.herbst-broecker.de\/en\/#organization"},"potentialAction":[{"@type":"SearchAction","target":{"@type":"EntryPoint","urlTemplate":"https:\/\/www.herbst-broecker.de\/en\/?s={search_term_string}"},"query-input":{"@type":"PropertyValueSpecification","valueRequired":true,"valueName":"search_term_string"}}],"inLanguage":"en-US"},{"@type":"Organization","@id":"https:\/\/www.herbst-broecker.de\/en\/#organization","name":"Rechtsanw\u00e4lte Herbst Br\u00f6cker","url":"https:\/\/www.herbst-broecker.de\/en\/","logo":{"@type":"ImageObject","inLanguage":"en-US","@id":"https:\/\/www.herbst-broecker.de\/en\/#\/schema\/logo\/image\/","url":"https:\/\/www.herbst-broecker.de\/wp-content\/uploads\/2023\/12\/Bildschirmfoto-2023-12-20-um-16.50.40.png","contentUrl":"https:\/\/www.herbst-broecker.de\/wp-content\/uploads\/2023\/12\/Bildschirmfoto-2023-12-20-um-16.50.40.png","width":562,"height":178,"caption":"Rechtsanw\u00e4lte Herbst Br\u00f6cker"},"image":{"@id":"https:\/\/www.herbst-broecker.de\/en\/#\/schema\/logo\/image\/"}}]}},"_links":{"self":[{"href":"https:\/\/www.herbst-broecker.de\/en\/wp-json\/wp\/v2\/pages\/125","targetHints":{"allow":["GET"]}}],"collection":[{"href":"https:\/\/www.herbst-broecker.de\/en\/wp-json\/wp\/v2\/pages"}],"about":[{"href":"https:\/\/www.herbst-broecker.de\/en\/wp-json\/wp\/v2\/types\/page"}],"author":[{"embeddable":true,"href":"https:\/\/www.herbst-broecker.de\/en\/wp-json\/wp\/v2\/users\/1"}],"replies":[{"embeddable":true,"href":"https:\/\/www.herbst-broecker.de\/en\/wp-json\/wp\/v2\/comments?post=125"}],"version-history":[{"count":3,"href":"https:\/\/www.herbst-broecker.de\/en\/wp-json\/wp\/v2\/pages\/125\/revisions"}],"predecessor-version":[{"id":241,"href":"https:\/\/www.herbst-broecker.de\/en\/wp-json\/wp\/v2\/pages\/125\/revisions\/241"}],"wp:attachment":[{"href":"https:\/\/www.herbst-broecker.de\/en\/wp-json\/wp\/v2\/media?parent=125"}],"curies":[{"name":"wp","href":"https:\/\/api.w.org\/{rel}","templated":true}]}}