{"id":123,"date":"2019-02-28T09:23:04","date_gmt":"2019-02-28T08:23:04","guid":{"rendered":"http:\/\/sektion1.de\/ra\/?page_id=123"},"modified":"2024-10-02T12:34:24","modified_gmt":"2024-10-02T10:34:24","slug":"impressum","status":"publish","type":"page","link":"https:\/\/www.herbst-broecker.de\/en\/impressum\/","title":{"rendered":"Imprint"},"content":{"rendered":"<p><strong>Herbst | Br\u00f6cker\u00a0 Rechtsanw\u00e4lte GbR<\/strong><\/p>\n<p>Partner and Representatives:<br \/>\nDres. Christian Herbst, Klaus Tim Br\u00f6cker, Martin Dietrich, Anke Bauermeister<\/p>\n<p>Lietzenseeufer 10<br \/>\n14057 Berlin<br \/>\nTel. 030 \/ 887 114 0<br \/>\nFax 030 \/ 887 114 11<br \/>\nE-Mail: <a>post@herbst-broecker.de<\/a><\/p>\n<p>Tax Identification Number: DE 1932 50430<\/p>\n<p>Design and Layout: Anton Dietrich<\/p>\n<p>Photos: <a href=\"http:\/\/uliweber.com\">Uli Weber<\/a><\/p>\n<p>Legal notice persuant to \u00a7 5 of the German Digital Services Act (Digitale-Dienste-Gesetz)<br \/>\nWe are admitted to practice law in the Federal Republic of Germany and members of the Bar Association of Berlin (Rechtsanwaltskammer Berlin) as the relevant regulatory and supervisory authority.<br \/>\nThe following professional regulations apply to the attorneys of Herbst | Br\u00f6cker:<\/p>\n<ul>\n<li>German Federal Code for Attorneys (die Bundesrechtsanwaltsordnung &#8211; BRAO),<\/li>\n<\/ul>\n<ul>\n<li>German Attorneys&#8217; Professional Code of Conduct (die Berufungsordnung der Rechtsanw\u00e4lte &#8211; BORA),<\/li>\n<\/ul>\n<ul>\n<li>German Law on the Remuneration of Attorneys (das Gesetz \u00fcber die Verg\u00fctung der Rechtsanw\u00e4ltinnen und Rechtsanw\u00e4lte &#8211; RVG)<\/li>\n<\/ul>\n<ul>\n<li>Regulations for Specialist Attorneys, (die Fachanwaltsordnung &#8211; FAO),<\/li>\n<\/ul>\n<ul>\n<li>Code of Conduct of Attorneys of the European Community (CCBE Code of Conduct) (die Berufsregeln der Rechtsanw\u00e4lte der Europ\u00e4ischen Gemeinschaft &#8211; CCBE-Berufsregeln).<\/li>\n<\/ul>\n<p>These professional regulations can be found on the internet site of the Federal Bar Association<br \/>\n<strong><a href=\"http:\/\/www.rak-berlin.de\/\" target=\"_blank\" rel=\"noopener noreferrer\">Rechtsanwaltskammer Berlin<\/a><\/strong><\/p>","protected":false},"excerpt":{"rendered":"<p>Herbst | Br\u00f6cker\u00a0 Rechtsanw\u00e4lte GbR Partner and Representatives: Dres. Christian Herbst, Klaus Tim Br\u00f6cker, Martin Dietrich, Anke Bauermeister Lietzenseeufer 10 14057 Berlin Tel. 030 \/ 887 114 0 Fax 030 \/ 887 114 11 E-Mail: post@herbst-broecker.de Tax Identification Number: DE 1932 50430 Design and Layout: Anton Dietrich Photos: Uli Weber Legal notice persuant to \u00a7 5 of the German Digital Services Act (Digitale-Dienste-Gesetz) We are admitted to practice law in the Federal Republic of Germany and members of the Bar&hellip;<\/p>\n","protected":false},"author":1,"featured_media":0,"parent":0,"menu_order":0,"comment_status":"closed","ping_status":"closed","template":"","meta":{"_acf_changed":false,"footnotes":""},"class_list":["post-123","page","type-page","status-publish","hentry"],"acf":[],"yoast_head":"<!-- This site is optimized with the Yoast SEO plugin v27.5 - https:\/\/yoast.com\/product\/yoast-seo-wordpress\/ -->\n<title>Imprint - Rechtsanw\u00e4lte Herbst Br\u00f6cker<\/title>\n<meta name=\"robots\" content=\"index, follow, max-snippet:-1, max-image-preview:large, max-video-preview:-1\" \/>\n<link rel=\"canonical\" href=\"https:\/\/www.herbst-broecker.de\/en\/impressum\/\" \/>\n<meta property=\"og:locale\" content=\"en_US\" \/>\n<meta property=\"og:type\" content=\"article\" \/>\n<meta property=\"og:title\" content=\"Imprint - Rechtsanw\u00e4lte Herbst Br\u00f6cker\" \/>\n<meta property=\"og:description\" content=\"Herbst | Br\u00f6cker\u00a0 Rechtsanw\u00e4lte GbR Partner and Representatives: Dres. Christian Herbst, Klaus Tim Br\u00f6cker, Martin Dietrich, Anke Bauermeister Lietzenseeufer 10 14057 Berlin Tel. 030 \/ 887 114 0 Fax 030 \/ 887 114 11 E-Mail: post@herbst-broecker.de Tax Identification Number: DE 1932 50430 Design and Layout: Anton Dietrich Photos: Uli Weber Legal notice persuant to \u00a7 5 of the German Digital Services Act (Digitale-Dienste-Gesetz) We are admitted to practice law in the Federal Republic of Germany and members of the Bar&hellip;\" \/>\n<meta property=\"og:url\" content=\"https:\/\/www.herbst-broecker.de\/en\/impressum\/\" \/>\n<meta property=\"og:site_name\" content=\"Rechtsanw\u00e4lte Herbst Br\u00f6cker\" \/>\n<meta property=\"article:modified_time\" content=\"2024-10-02T10:34:24+00:00\" \/>\n<meta name=\"twitter:card\" content=\"summary_large_image\" \/>\n<meta name=\"twitter:label1\" content=\"Est. reading time\" \/>\n\t<meta name=\"twitter:data1\" content=\"2 minutes\" \/>\n<script type=\"application\/ld+json\" class=\"yoast-schema-graph\">{\"@context\":\"https:\\\/\\\/schema.org\",\"@graph\":[{\"@type\":\"WebPage\",\"@id\":\"https:\\\/\\\/www.herbst-broecker.de\\\/en\\\/impressum\\\/\",\"url\":\"https:\\\/\\\/www.herbst-broecker.de\\\/en\\\/impressum\\\/\",\"name\":\"Imprint - Rechtsanw\u00e4lte Herbst Br\u00f6cker\",\"isPartOf\":{\"@id\":\"https:\\\/\\\/www.herbst-broecker.de\\\/en\\\/#website\"},\"datePublished\":\"2019-02-28T08:23:04+00:00\",\"dateModified\":\"2024-10-02T10:34:24+00:00\",\"breadcrumb\":{\"@id\":\"https:\\\/\\\/www.herbst-broecker.de\\\/en\\\/impressum\\\/#breadcrumb\"},\"inLanguage\":\"en-US\",\"potentialAction\":[{\"@type\":\"ReadAction\",\"target\":[[\"https:\\\/\\\/www.herbst-broecker.de\\\/en\\\/impressum\\\/\"]]}]},{\"@type\":\"BreadcrumbList\",\"@id\":\"https:\\\/\\\/www.herbst-broecker.de\\\/en\\\/impressum\\\/#breadcrumb\",\"itemListElement\":[{\"@type\":\"ListItem\",\"position\":1,\"name\":\"Startseite\",\"item\":\"https:\\\/\\\/www.herbst-broecker.de\\\/en\\\/\"},{\"@type\":\"ListItem\",\"position\":2,\"name\":\"Imprint\"}]},{\"@type\":\"WebSite\",\"@id\":\"https:\\\/\\\/www.herbst-broecker.de\\\/en\\\/#website\",\"url\":\"https:\\\/\\\/www.herbst-broecker.de\\\/en\\\/\",\"name\":\"Rechtsanw\u00e4lte Herbst Br\u00f6cker\",\"description\":\"\",\"publisher\":{\"@id\":\"https:\\\/\\\/www.herbst-broecker.de\\\/en\\\/#organization\"},\"potentialAction\":[{\"@type\":\"SearchAction\",\"target\":{\"@type\":\"EntryPoint\",\"urlTemplate\":\"https:\\\/\\\/www.herbst-broecker.de\\\/en\\\/?s={search_term_string}\"},\"query-input\":{\"@type\":\"PropertyValueSpecification\",\"valueRequired\":true,\"valueName\":\"search_term_string\"}}],\"inLanguage\":\"en-US\"},{\"@type\":\"Organization\",\"@id\":\"https:\\\/\\\/www.herbst-broecker.de\\\/en\\\/#organization\",\"name\":\"Rechtsanw\u00e4lte Herbst Br\u00f6cker\",\"url\":\"https:\\\/\\\/www.herbst-broecker.de\\\/en\\\/\",\"logo\":{\"@type\":\"ImageObject\",\"inLanguage\":\"en-US\",\"@id\":\"https:\\\/\\\/www.herbst-broecker.de\\\/en\\\/#\\\/schema\\\/logo\\\/image\\\/\",\"url\":\"https:\\\/\\\/www.herbst-broecker.de\\\/wp-content\\\/uploads\\\/2023\\\/12\\\/Bildschirmfoto-2023-12-20-um-16.50.40.png\",\"contentUrl\":\"https:\\\/\\\/www.herbst-broecker.de\\\/wp-content\\\/uploads\\\/2023\\\/12\\\/Bildschirmfoto-2023-12-20-um-16.50.40.png\",\"width\":562,\"height\":178,\"caption\":\"Rechtsanw\u00e4lte Herbst Br\u00f6cker\"},\"image\":{\"@id\":\"https:\\\/\\\/www.herbst-broecker.de\\\/en\\\/#\\\/schema\\\/logo\\\/image\\\/\"}}]}<\/script>\n<!-- \/ Yoast SEO plugin. -->","yoast_head_json":{"title":"Imprint - Rechtsanw\u00e4lte Herbst Br\u00f6cker","robots":{"index":"index","follow":"follow","max-snippet":"max-snippet:-1","max-image-preview":"max-image-preview:large","max-video-preview":"max-video-preview:-1"},"canonical":"https:\/\/www.herbst-broecker.de\/en\/impressum\/","og_locale":"en_US","og_type":"article","og_title":"Imprint - Rechtsanw\u00e4lte Herbst Br\u00f6cker","og_description":"Herbst | Br\u00f6cker\u00a0 Rechtsanw\u00e4lte GbR Partner and Representatives: Dres. Christian Herbst, Klaus Tim Br\u00f6cker, Martin Dietrich, Anke Bauermeister Lietzenseeufer 10 14057 Berlin Tel. 030 \/ 887 114 0 Fax 030 \/ 887 114 11 E-Mail: post@herbst-broecker.de Tax Identification Number: DE 1932 50430 Design and Layout: Anton Dietrich Photos: Uli Weber Legal notice persuant to \u00a7 5 of the German Digital Services Act (Digitale-Dienste-Gesetz) We are admitted to practice law in the Federal Republic of Germany and members of the Bar&hellip;","og_url":"https:\/\/www.herbst-broecker.de\/en\/impressum\/","og_site_name":"Rechtsanw\u00e4lte Herbst Br\u00f6cker","article_modified_time":"2024-10-02T10:34:24+00:00","twitter_card":"summary_large_image","twitter_misc":{"Est. reading time":"2 minutes"},"schema":{"@context":"https:\/\/schema.org","@graph":[{"@type":"WebPage","@id":"https:\/\/www.herbst-broecker.de\/en\/impressum\/","url":"https:\/\/www.herbst-broecker.de\/en\/impressum\/","name":"Imprint - Rechtsanw\u00e4lte Herbst Br\u00f6cker","isPartOf":{"@id":"https:\/\/www.herbst-broecker.de\/en\/#website"},"datePublished":"2019-02-28T08:23:04+00:00","dateModified":"2024-10-02T10:34:24+00:00","breadcrumb":{"@id":"https:\/\/www.herbst-broecker.de\/en\/impressum\/#breadcrumb"},"inLanguage":"en-US","potentialAction":[{"@type":"ReadAction","target":[["https:\/\/www.herbst-broecker.de\/en\/impressum\/"]]}]},{"@type":"BreadcrumbList","@id":"https:\/\/www.herbst-broecker.de\/en\/impressum\/#breadcrumb","itemListElement":[{"@type":"ListItem","position":1,"name":"Startseite","item":"https:\/\/www.herbst-broecker.de\/en\/"},{"@type":"ListItem","position":2,"name":"Imprint"}]},{"@type":"WebSite","@id":"https:\/\/www.herbst-broecker.de\/en\/#website","url":"https:\/\/www.herbst-broecker.de\/en\/","name":"Rechtsanw\u00e4lte Herbst Br\u00f6cker","description":"","publisher":{"@id":"https:\/\/www.herbst-broecker.de\/en\/#organization"},"potentialAction":[{"@type":"SearchAction","target":{"@type":"EntryPoint","urlTemplate":"https:\/\/www.herbst-broecker.de\/en\/?s={search_term_string}"},"query-input":{"@type":"PropertyValueSpecification","valueRequired":true,"valueName":"search_term_string"}}],"inLanguage":"en-US"},{"@type":"Organization","@id":"https:\/\/www.herbst-broecker.de\/en\/#organization","name":"Rechtsanw\u00e4lte Herbst Br\u00f6cker","url":"https:\/\/www.herbst-broecker.de\/en\/","logo":{"@type":"ImageObject","inLanguage":"en-US","@id":"https:\/\/www.herbst-broecker.de\/en\/#\/schema\/logo\/image\/","url":"https:\/\/www.herbst-broecker.de\/wp-content\/uploads\/2023\/12\/Bildschirmfoto-2023-12-20-um-16.50.40.png","contentUrl":"https:\/\/www.herbst-broecker.de\/wp-content\/uploads\/2023\/12\/Bildschirmfoto-2023-12-20-um-16.50.40.png","width":562,"height":178,"caption":"Rechtsanw\u00e4lte Herbst Br\u00f6cker"},"image":{"@id":"https:\/\/www.herbst-broecker.de\/en\/#\/schema\/logo\/image\/"}}]}},"_links":{"self":[{"href":"https:\/\/www.herbst-broecker.de\/en\/wp-json\/wp\/v2\/pages\/123","targetHints":{"allow":["GET"]}}],"collection":[{"href":"https:\/\/www.herbst-broecker.de\/en\/wp-json\/wp\/v2\/pages"}],"about":[{"href":"https:\/\/www.herbst-broecker.de\/en\/wp-json\/wp\/v2\/types\/page"}],"author":[{"embeddable":true,"href":"https:\/\/www.herbst-broecker.de\/en\/wp-json\/wp\/v2\/users\/1"}],"replies":[{"embeddable":true,"href":"https:\/\/www.herbst-broecker.de\/en\/wp-json\/wp\/v2\/comments?post=123"}],"version-history":[{"count":14,"href":"https:\/\/www.herbst-broecker.de\/en\/wp-json\/wp\/v2\/pages\/123\/revisions"}],"predecessor-version":[{"id":861,"href":"https:\/\/www.herbst-broecker.de\/en\/wp-json\/wp\/v2\/pages\/123\/revisions\/861"}],"wp:attachment":[{"href":"https:\/\/www.herbst-broecker.de\/en\/wp-json\/wp\/v2\/media?parent=123"}],"curies":[{"name":"wp","href":"https:\/\/api.w.org\/{rel}","templated":true}]}}