{"id":101,"date":"2019-02-28T09:15:07","date_gmt":"2019-02-28T08:15:07","guid":{"rendered":"http:\/\/sektion1.de\/ra\/?page_id=101"},"modified":"2020-09-14T18:58:14","modified_gmt":"2020-09-14T16:58:14","slug":"dr-klaus-tim-broecker","status":"publish","type":"page","link":"https:\/\/www.herbst-broecker.de\/en\/dr-klaus-tim-broecker\/","title":{"rendered":"Dr. Klaus Tim Br\u00f6cker"},"content":{"rendered":"<p>born 1965, married, two children, completed his alternative civilian service before obtaining his law degree from the Universities of Cologne, Grenoble as well as the Free University in Berlin. During his studies, he developed a particular interest in comparative law and public law. After his first state examination and six months at the Treuhandanstalt, his two year period of compulsory legal internships took him to, amongst others, the Federal Environment Agency and the Foreign Office.<\/p>\n<p>From 1996 to 1998, he was employed as a research assistant at the Humboldt University in Berlin as well as the Research Centre for Environmental Law (under the chair of Prof. Dr. Michael Kloepfer). In addition to environmental law, his involvement also covered constitutional and European law issues. During his time as research assistant, he obtained his doctorate following his thesis on, &#8220;The limits of national debt in the system of a constitutional state&#8221;.<\/p>\n<p>He began practising as an attorney at law in 1998. For the next five years, he worked at a well-known national law firm which deals exclusively with intellectual property law. Since then, this field has become his focus, namely copyright law, media law, trademark and patent infringement law, as well as IT law. He is co-editor of the &#8220;Manual of Intellectual Property on the Internet&#8221; (C.H. Beck) and co-author of &#8220;Intellectual Property, Copyright and Media Law&#8221; (Carl Heymanns).<\/p>\n<p>Dr. Br\u00f6cker is a qualified specialist attorney for Copyright and Media Law (Fachanwalt f\u00fcr Urheber- und Medienrecht) and a qualified specialist attorney for protection of industrial property (Fachanwalt f\u00fcr Gewerblichen<br \/>\nRechtsschutz).<\/p>\n<p>Languages \/ German \/ English \/ French \/ Spanish<\/p>","protected":false},"excerpt":{"rendered":"<p>born 1965, married, two children, completed his alternative civilian service before obtaining his law degree from the Universities of Cologne, Grenoble as well as the Free University in Berlin. During his studies, he developed a particular interest in comparative law and public law. After his first state examination and six months at the Treuhandanstalt, his two year period of compulsory legal internships took him to, amongst others, the Federal Environment Agency and the Foreign Office. From 1996 to 1998, he&hellip;<\/p>\n","protected":false},"author":1,"featured_media":0,"parent":0,"menu_order":0,"comment_status":"closed","ping_status":"closed","template":"","meta":{"_acf_changed":false,"footnotes":""},"class_list":["post-101","page","type-page","status-publish","hentry"],"acf":[],"yoast_head":"<!-- This site is optimized with the Yoast SEO plugin v27.6 - https:\/\/yoast.com\/product\/yoast-seo-wordpress\/ -->\n<title>Dr. Klaus Tim Br\u00f6cker - Rechtsanw\u00e4lte Herbst Br\u00f6cker<\/title>\n<meta name=\"robots\" content=\"index, follow, max-snippet:-1, max-image-preview:large, max-video-preview:-1\" \/>\n<link rel=\"canonical\" href=\"https:\/\/www.herbst-broecker.de\/en\/dr-klaus-tim-broecker\/\" \/>\n<meta property=\"og:locale\" content=\"en_US\" \/>\n<meta property=\"og:type\" content=\"article\" \/>\n<meta property=\"og:title\" content=\"Dr. Klaus Tim Br\u00f6cker - Rechtsanw\u00e4lte Herbst Br\u00f6cker\" \/>\n<meta property=\"og:description\" content=\"born 1965, married, two children, completed his alternative civilian service before obtaining his law degree from the Universities of Cologne, Grenoble as well as the Free University in Berlin. During his studies, he developed a particular interest in comparative law and public law. After his first state examination and six months at the Treuhandanstalt, his two year period of compulsory legal internships took him to, amongst others, the Federal Environment Agency and the Foreign Office. From 1996 to 1998, he&hellip;\" \/>\n<meta property=\"og:url\" content=\"https:\/\/www.herbst-broecker.de\/en\/dr-klaus-tim-broecker\/\" \/>\n<meta property=\"og:site_name\" content=\"Rechtsanw\u00e4lte Herbst Br\u00f6cker\" \/>\n<meta property=\"article:modified_time\" content=\"2020-09-14T16:58:14+00:00\" \/>\n<meta name=\"twitter:card\" content=\"summary_large_image\" \/>\n<meta name=\"twitter:label1\" content=\"Est. reading time\" \/>\n\t<meta name=\"twitter:data1\" content=\"2 minutes\" \/>\n<script type=\"application\/ld+json\" class=\"yoast-schema-graph\">{\"@context\":\"https:\\\/\\\/schema.org\",\"@graph\":[{\"@type\":\"WebPage\",\"@id\":\"https:\\\/\\\/www.herbst-broecker.de\\\/en\\\/dr-klaus-tim-broecker\\\/\",\"url\":\"https:\\\/\\\/www.herbst-broecker.de\\\/en\\\/dr-klaus-tim-broecker\\\/\",\"name\":\"Dr. Klaus Tim Br\u00f6cker - Rechtsanw\u00e4lte Herbst Br\u00f6cker\",\"isPartOf\":{\"@id\":\"https:\\\/\\\/www.herbst-broecker.de\\\/en\\\/#website\"},\"datePublished\":\"2019-02-28T08:15:07+00:00\",\"dateModified\":\"2020-09-14T16:58:14+00:00\",\"breadcrumb\":{\"@id\":\"https:\\\/\\\/www.herbst-broecker.de\\\/en\\\/dr-klaus-tim-broecker\\\/#breadcrumb\"},\"inLanguage\":\"en-US\",\"potentialAction\":[{\"@type\":\"ReadAction\",\"target\":[[\"https:\\\/\\\/www.herbst-broecker.de\\\/en\\\/dr-klaus-tim-broecker\\\/\"]]}]},{\"@type\":\"BreadcrumbList\",\"@id\":\"https:\\\/\\\/www.herbst-broecker.de\\\/en\\\/dr-klaus-tim-broecker\\\/#breadcrumb\",\"itemListElement\":[{\"@type\":\"ListItem\",\"position\":1,\"name\":\"Startseite\",\"item\":\"https:\\\/\\\/www.herbst-broecker.de\\\/en\\\/\"},{\"@type\":\"ListItem\",\"position\":2,\"name\":\"Dr. Klaus Tim Br\u00f6cker\"}]},{\"@type\":\"WebSite\",\"@id\":\"https:\\\/\\\/www.herbst-broecker.de\\\/en\\\/#website\",\"url\":\"https:\\\/\\\/www.herbst-broecker.de\\\/en\\\/\",\"name\":\"Rechtsanw\u00e4lte Herbst Br\u00f6cker\",\"description\":\"\",\"publisher\":{\"@id\":\"https:\\\/\\\/www.herbst-broecker.de\\\/en\\\/#organization\"},\"potentialAction\":[{\"@type\":\"SearchAction\",\"target\":{\"@type\":\"EntryPoint\",\"urlTemplate\":\"https:\\\/\\\/www.herbst-broecker.de\\\/en\\\/?s={search_term_string}\"},\"query-input\":{\"@type\":\"PropertyValueSpecification\",\"valueRequired\":true,\"valueName\":\"search_term_string\"}}],\"inLanguage\":\"en-US\"},{\"@type\":\"Organization\",\"@id\":\"https:\\\/\\\/www.herbst-broecker.de\\\/en\\\/#organization\",\"name\":\"Rechtsanw\u00e4lte Herbst Br\u00f6cker\",\"url\":\"https:\\\/\\\/www.herbst-broecker.de\\\/en\\\/\",\"logo\":{\"@type\":\"ImageObject\",\"inLanguage\":\"en-US\",\"@id\":\"https:\\\/\\\/www.herbst-broecker.de\\\/en\\\/#\\\/schema\\\/logo\\\/image\\\/\",\"url\":\"https:\\\/\\\/www.herbst-broecker.de\\\/wp-content\\\/uploads\\\/2023\\\/12\\\/Bildschirmfoto-2023-12-20-um-16.50.40.png\",\"contentUrl\":\"https:\\\/\\\/www.herbst-broecker.de\\\/wp-content\\\/uploads\\\/2023\\\/12\\\/Bildschirmfoto-2023-12-20-um-16.50.40.png\",\"width\":562,\"height\":178,\"caption\":\"Rechtsanw\u00e4lte Herbst Br\u00f6cker\"},\"image\":{\"@id\":\"https:\\\/\\\/www.herbst-broecker.de\\\/en\\\/#\\\/schema\\\/logo\\\/image\\\/\"}}]}<\/script>\n<!-- \/ Yoast SEO plugin. -->","yoast_head_json":{"title":"Dr. Klaus Tim Br\u00f6cker - Rechtsanw\u00e4lte Herbst Br\u00f6cker","robots":{"index":"index","follow":"follow","max-snippet":"max-snippet:-1","max-image-preview":"max-image-preview:large","max-video-preview":"max-video-preview:-1"},"canonical":"https:\/\/www.herbst-broecker.de\/en\/dr-klaus-tim-broecker\/","og_locale":"en_US","og_type":"article","og_title":"Dr. Klaus Tim Br\u00f6cker - Rechtsanw\u00e4lte Herbst Br\u00f6cker","og_description":"born 1965, married, two children, completed his alternative civilian service before obtaining his law degree from the Universities of Cologne, Grenoble as well as the Free University in Berlin. During his studies, he developed a particular interest in comparative law and public law. After his first state examination and six months at the Treuhandanstalt, his two year period of compulsory legal internships took him to, amongst others, the Federal Environment Agency and the Foreign Office. From 1996 to 1998, he&hellip;","og_url":"https:\/\/www.herbst-broecker.de\/en\/dr-klaus-tim-broecker\/","og_site_name":"Rechtsanw\u00e4lte Herbst Br\u00f6cker","article_modified_time":"2020-09-14T16:58:14+00:00","twitter_card":"summary_large_image","twitter_misc":{"Est. reading time":"2 minutes"},"schema":{"@context":"https:\/\/schema.org","@graph":[{"@type":"WebPage","@id":"https:\/\/www.herbst-broecker.de\/en\/dr-klaus-tim-broecker\/","url":"https:\/\/www.herbst-broecker.de\/en\/dr-klaus-tim-broecker\/","name":"Dr. Klaus Tim Br\u00f6cker - Rechtsanw\u00e4lte Herbst Br\u00f6cker","isPartOf":{"@id":"https:\/\/www.herbst-broecker.de\/en\/#website"},"datePublished":"2019-02-28T08:15:07+00:00","dateModified":"2020-09-14T16:58:14+00:00","breadcrumb":{"@id":"https:\/\/www.herbst-broecker.de\/en\/dr-klaus-tim-broecker\/#breadcrumb"},"inLanguage":"en-US","potentialAction":[{"@type":"ReadAction","target":[["https:\/\/www.herbst-broecker.de\/en\/dr-klaus-tim-broecker\/"]]}]},{"@type":"BreadcrumbList","@id":"https:\/\/www.herbst-broecker.de\/en\/dr-klaus-tim-broecker\/#breadcrumb","itemListElement":[{"@type":"ListItem","position":1,"name":"Startseite","item":"https:\/\/www.herbst-broecker.de\/en\/"},{"@type":"ListItem","position":2,"name":"Dr. Klaus Tim Br\u00f6cker"}]},{"@type":"WebSite","@id":"https:\/\/www.herbst-broecker.de\/en\/#website","url":"https:\/\/www.herbst-broecker.de\/en\/","name":"Rechtsanw\u00e4lte Herbst Br\u00f6cker","description":"","publisher":{"@id":"https:\/\/www.herbst-broecker.de\/en\/#organization"},"potentialAction":[{"@type":"SearchAction","target":{"@type":"EntryPoint","urlTemplate":"https:\/\/www.herbst-broecker.de\/en\/?s={search_term_string}"},"query-input":{"@type":"PropertyValueSpecification","valueRequired":true,"valueName":"search_term_string"}}],"inLanguage":"en-US"},{"@type":"Organization","@id":"https:\/\/www.herbst-broecker.de\/en\/#organization","name":"Rechtsanw\u00e4lte Herbst Br\u00f6cker","url":"https:\/\/www.herbst-broecker.de\/en\/","logo":{"@type":"ImageObject","inLanguage":"en-US","@id":"https:\/\/www.herbst-broecker.de\/en\/#\/schema\/logo\/image\/","url":"https:\/\/www.herbst-broecker.de\/wp-content\/uploads\/2023\/12\/Bildschirmfoto-2023-12-20-um-16.50.40.png","contentUrl":"https:\/\/www.herbst-broecker.de\/wp-content\/uploads\/2023\/12\/Bildschirmfoto-2023-12-20-um-16.50.40.png","width":562,"height":178,"caption":"Rechtsanw\u00e4lte Herbst Br\u00f6cker"},"image":{"@id":"https:\/\/www.herbst-broecker.de\/en\/#\/schema\/logo\/image\/"}}]}},"_links":{"self":[{"href":"https:\/\/www.herbst-broecker.de\/en\/wp-json\/wp\/v2\/pages\/101","targetHints":{"allow":["GET"]}}],"collection":[{"href":"https:\/\/www.herbst-broecker.de\/en\/wp-json\/wp\/v2\/pages"}],"about":[{"href":"https:\/\/www.herbst-broecker.de\/en\/wp-json\/wp\/v2\/types\/page"}],"author":[{"embeddable":true,"href":"https:\/\/www.herbst-broecker.de\/en\/wp-json\/wp\/v2\/users\/1"}],"replies":[{"embeddable":true,"href":"https:\/\/www.herbst-broecker.de\/en\/wp-json\/wp\/v2\/comments?post=101"}],"version-history":[{"count":8,"href":"https:\/\/www.herbst-broecker.de\/en\/wp-json\/wp\/v2\/pages\/101\/revisions"}],"predecessor-version":[{"id":644,"href":"https:\/\/www.herbst-broecker.de\/en\/wp-json\/wp\/v2\/pages\/101\/revisions\/644"}],"wp:attachment":[{"href":"https:\/\/www.herbst-broecker.de\/en\/wp-json\/wp\/v2\/media?parent=101"}],"curies":[{"name":"wp","href":"https:\/\/api.w.org\/{rel}","templated":true}]}}